{"id":1000,"date":"2025-04-15T08:54:36","date_gmt":"2025-04-15T12:54:36","guid":{"rendered":"https:\/\/groupemoderne.com\/politique-en-matiere-de-cookies-ca\/"},"modified":"2025-04-15T08:54:36","modified_gmt":"2025-04-15T12:54:36","slug":"politique-en-matiere-de-cookies-ca","status":"publish","type":"page","link":"https:\/\/groupemoderne.com\/fr\/politique-en-matiere-de-cookies-ca\/","title":{"rendered":"Politique en mati\u00e8re de cookies (CA)"},"content":{"rendered":"R\u00e9gion CA non activ\u00e9e pour cookie-statement.\n","protected":false},"excerpt":{"rendered":"","protected":false},"author":2,"featured_media":0,"parent":0,"menu_order":0,"comment_status":"closed","ping_status":"closed","template":"","meta":{"_acf_changed":false,"inline_featured_image":false,"footnotes":""},"class_list":["post-1000","page","type-page","status-publish","hentry"],"acf":[],"yoast_head":"<!-- This site is optimized with the Yoast SEO plugin v27.2 - https:\/\/yoast.com\/product\/yoast-seo-wordpress\/ -->\n<title>Politique en mati\u00e8re de cookies (CA) - Groupe Moderne<\/title>\n<meta name=\"robots\" content=\"index, follow, max-snippet:-1, max-image-preview:large, max-video-preview:-1\" \/>\n<link rel=\"canonical\" href=\"https:\/\/groupemoderne.com\/fr\/politique-en-matiere-de-cookies-ca\/\" \/>\n<meta property=\"og:locale\" content=\"fr_FR\" \/>\n<meta property=\"og:type\" content=\"article\" \/>\n<meta property=\"og:title\" content=\"Politique en mati\u00e8re de cookies (CA) - Groupe Moderne\" \/>\n<meta property=\"og:url\" content=\"https:\/\/groupemoderne.com\/fr\/politique-en-matiere-de-cookies-ca\/\" \/>\n<meta property=\"og:site_name\" content=\"Groupe Moderne\" \/>\n<meta name=\"twitter:card\" content=\"summary_large_image\" \/>\n<script type=\"application\/ld+json\" class=\"yoast-schema-graph\">{\"@context\":\"https:\/\/schema.org\",\"@graph\":[{\"@type\":\"WebPage\",\"@id\":\"https:\/\/groupemoderne.com\/fr\/politique-en-matiere-de-cookies-ca\/\",\"url\":\"https:\/\/groupemoderne.com\/fr\/politique-en-matiere-de-cookies-ca\/\",\"name\":\"Politique en mati\u00e8re de cookies (CA) - Groupe Moderne\",\"isPartOf\":{\"@id\":\"https:\/\/groupemoderne.com\/fr\/#website\"},\"datePublished\":\"2025-04-15T12:54:36+00:00\",\"breadcrumb\":{\"@id\":\"https:\/\/groupemoderne.com\/fr\/politique-en-matiere-de-cookies-ca\/#breadcrumb\"},\"inLanguage\":\"fr-FR\",\"potentialAction\":[{\"@type\":\"ReadAction\",\"target\":[\"https:\/\/groupemoderne.com\/fr\/politique-en-matiere-de-cookies-ca\/\"]}]},{\"@type\":\"BreadcrumbList\",\"@id\":\"https:\/\/groupemoderne.com\/fr\/politique-en-matiere-de-cookies-ca\/#breadcrumb\",\"itemListElement\":[{\"@type\":\"ListItem\",\"position\":1,\"name\":\"Accueil\",\"item\":\"https:\/\/groupemoderne.com\/fr\/\"},{\"@type\":\"ListItem\",\"position\":2,\"name\":\"Politique en mati\u00e8re de cookies (CA)\"}]},{\"@type\":\"WebSite\",\"@id\":\"https:\/\/groupemoderne.com\/fr\/#website\",\"url\":\"https:\/\/groupemoderne.com\/fr\/\",\"name\":\"Groupe Moderne\",\"description\":\"\",\"potentialAction\":[{\"@type\":\"SearchAction\",\"target\":{\"@type\":\"EntryPoint\",\"urlTemplate\":\"https:\/\/groupemoderne.com\/fr\/?s={search_term_string}\"},\"query-input\":{\"@type\":\"PropertyValueSpecification\",\"valueRequired\":true,\"valueName\":\"search_term_string\"}}],\"inLanguage\":\"fr-FR\"}]}<\/script>\n<!-- \/ Yoast SEO plugin. -->","yoast_head_json":{"title":"Politique en mati\u00e8re de cookies (CA) - Groupe Moderne","robots":{"index":"index","follow":"follow","max-snippet":"max-snippet:-1","max-image-preview":"max-image-preview:large","max-video-preview":"max-video-preview:-1"},"canonical":"https:\/\/groupemoderne.com\/fr\/politique-en-matiere-de-cookies-ca\/","og_locale":"fr_FR","og_type":"article","og_title":"Politique en mati\u00e8re de cookies (CA) - Groupe Moderne","og_url":"https:\/\/groupemoderne.com\/fr\/politique-en-matiere-de-cookies-ca\/","og_site_name":"Groupe Moderne","twitter_card":"summary_large_image","schema":{"@context":"https:\/\/schema.org","@graph":[{"@type":"WebPage","@id":"https:\/\/groupemoderne.com\/fr\/politique-en-matiere-de-cookies-ca\/","url":"https:\/\/groupemoderne.com\/fr\/politique-en-matiere-de-cookies-ca\/","name":"Politique en mati\u00e8re de cookies (CA) - Groupe Moderne","isPartOf":{"@id":"https:\/\/groupemoderne.com\/fr\/#website"},"datePublished":"2025-04-15T12:54:36+00:00","breadcrumb":{"@id":"https:\/\/groupemoderne.com\/fr\/politique-en-matiere-de-cookies-ca\/#breadcrumb"},"inLanguage":"fr-FR","potentialAction":[{"@type":"ReadAction","target":["https:\/\/groupemoderne.com\/fr\/politique-en-matiere-de-cookies-ca\/"]}]},{"@type":"BreadcrumbList","@id":"https:\/\/groupemoderne.com\/fr\/politique-en-matiere-de-cookies-ca\/#breadcrumb","itemListElement":[{"@type":"ListItem","position":1,"name":"Accueil","item":"https:\/\/groupemoderne.com\/fr\/"},{"@type":"ListItem","position":2,"name":"Politique en mati\u00e8re de cookies (CA)"}]},{"@type":"WebSite","@id":"https:\/\/groupemoderne.com\/fr\/#website","url":"https:\/\/groupemoderne.com\/fr\/","name":"Groupe Moderne","description":"","potentialAction":[{"@type":"SearchAction","target":{"@type":"EntryPoint","urlTemplate":"https:\/\/groupemoderne.com\/fr\/?s={search_term_string}"},"query-input":{"@type":"PropertyValueSpecification","valueRequired":true,"valueName":"search_term_string"}}],"inLanguage":"fr-FR"}]}},"_links":{"self":[{"href":"https:\/\/groupemoderne.com\/fr\/wp-json\/wp\/v2\/pages\/1000","targetHints":{"allow":["GET"]}}],"collection":[{"href":"https:\/\/groupemoderne.com\/fr\/wp-json\/wp\/v2\/pages"}],"about":[{"href":"https:\/\/groupemoderne.com\/fr\/wp-json\/wp\/v2\/types\/page"}],"author":[{"embeddable":true,"href":"https:\/\/groupemoderne.com\/fr\/wp-json\/wp\/v2\/users\/2"}],"replies":[{"embeddable":true,"href":"https:\/\/groupemoderne.com\/fr\/wp-json\/wp\/v2\/comments?post=1000"}],"version-history":[{"count":0,"href":"https:\/\/groupemoderne.com\/fr\/wp-json\/wp\/v2\/pages\/1000\/revisions"}],"wp:attachment":[{"href":"https:\/\/groupemoderne.com\/fr\/wp-json\/wp\/v2\/media?parent=1000"}],"curies":[{"name":"wp","href":"https:\/\/api.w.org\/{rel}","templated":true}]}}